{"id":74,"date":"2024-10-11T12:07:48","date_gmt":"2024-10-11T10:07:48","guid":{"rendered":"https:\/\/alimcoaching.fr\/?page_id=74"},"modified":"2025-12-16T11:39:47","modified_gmt":"2025-12-16T10:39:47","slug":"coaching-alimentaire-et-culinaire","status":"publish","type":"page","link":"https:\/\/alimcoaching.fr\/index.php\/coaching-alimentaire-et-culinaire\/","title":{"rendered":"Coaching de particuliers"},"content":{"rendered":"\n<p class=\"has-superbfont-small-font-size\"><strong>Transformez votre alimentation, transformez votre vie !<\/strong><\/p>\n\n\n\n<p class=\"has-superbfont-small-font-size\">Vous souhaitez retrouver le contr\u00f4le de votre alimentation ? Adopter une alimentation plus saine, plus v\u00e9g\u00e9tale, plus durable, tout en \u00e9quilibrant votre mode de vie ? Vous \u00eates au bon endroit !<\/p>\n\n\n\n<p class=\"has-superbfont-small-font-size\">Changer ses habitudes alimentaires peut sembler compliqu\u00e9, d\u2019autant que chaque situation est unique. Mais avec le bon accompagnement, tout devient possible. Ensemble, nous allons r\u00e9\u00e9quilibrer votre assiette, remettre les fourneaux \u00e0 l&rsquo;honneur et vous redonner l\u2019\u00e9nergie et le bien-\u00eatre que vous m\u00e9ritez.<\/p>\n\n\n\n<div class=\"wp-block-group alignfull has-global-padding is-layout-constrained wp-container-core-group-is-layout-e26d1307 wp-block-group-is-layout-constrained\" style=\"margin-top:0;margin-bottom:0;padding-top:var(--wp--preset--spacing--superbspacing-xsmall);padding-right:0;padding-bottom:var(--wp--preset--spacing--superbspacing-xsmall);padding-left:0\">\n<div class=\"wp-block-columns alignwide is-layout-flex wp-container-core-columns-is-layout-25593187 wp-block-columns-is-layout-flex\">\n<div class=\"wp-block-column is-vertically-aligned-center is-layout-flow wp-container-core-column-is-layout-40a2a7e8 wp-block-column-is-layout-flow\" style=\"padding-right:0;padding-bottom:0;padding-left:0\">\n<figure class=\"wp-block-image aligncenter size-large is-resized has-custom-border\"><img loading=\"lazy\" decoding=\"async\" width=\"922\" height=\"1024\" src=\"http:\/\/alimcoaching.fr\/wp-content\/uploads\/2024\/11\/Page-coaching-1-922x1024.jpeg\" alt=\"\" class=\"wp-image-415\" style=\"border-radius:50px;width:350px;height:auto\" srcset=\"https:\/\/alimcoaching.fr\/wp-content\/uploads\/2024\/11\/Page-coaching-1-922x1024.jpeg 922w, https:\/\/alimcoaching.fr\/wp-content\/uploads\/2024\/11\/Page-coaching-1-270x300.jpeg 270w, https:\/\/alimcoaching.fr\/wp-content\/uploads\/2024\/11\/Page-coaching-1-768x853.jpeg 768w, https:\/\/alimcoaching.fr\/wp-content\/uploads\/2024\/11\/Page-coaching-1-1383x1536.jpeg 1383w, https:\/\/alimcoaching.fr\/wp-content\/uploads\/2024\/11\/Page-coaching-1.jpeg 1441w\" sizes=\"auto, (max-width: 922px) 100vw, 922px\" \/><\/figure>\n<\/div>\n\n\n\n<div class=\"wp-block-column is-vertically-aligned-center is-layout-flow wp-container-core-column-is-layout-a1628350 wp-block-column-is-layout-flow\" style=\"padding-top:0;padding-right:0;padding-bottom:0;padding-left:0\">\n<div class=\"wp-block-group is-layout-flow wp-container-core-group-is-layout-ff697075 wp-block-group-is-layout-flow\">\n<h3 class=\"wp-block-heading has-text-align-left has-superbfont-large-font-size\" style=\"line-height:1.2\"><strong><strong>Pourquoi choisir mon approche ?<\/strong><\/strong><\/h3>\n\n\n\n<p class=\"has-text-align-left has-superbfont-small-font-size\">Parce que les connaissances seules ne suffisent pas. L\u2019alimentation ne se limite pas \u00e0 ce que nous mangeons : elle touche \u00e0 nos \u00e9motions, nos habitudes sociales et nos racines culturelles.<\/p>\n\n\n\n<p class=\"has-text-align-left has-superbfont-small-font-size\">C\u2019est pourquoi je privil\u00e9gie une m\u00e9thode bas\u00e9e sur l\u2019\u00e9coute, l\u2019empathie et la bienveillance, loin des discours culpabilisants et des injonctions rigides.<\/p>\n\n\n\n<p class=\"has-text-align-left has-superbfont-small-font-size\">Vouloir changer ses habitudes alimentaires am\u00e8ne \u00e0 consid\u00e9rer d\u2019autres composantes de notre mode de vie, comme l\u2019activit\u00e9 physique, le sommeil, les relations sociales. Autant de facteurs que nous allons int\u00e9grer dans une approche globale et personnalis\u00e9e.<\/p>\n<\/div>\n<\/div>\n<\/div>\n<\/div>\n\n\n\n<div class=\"wp-block-group alignfull has-global-padding is-layout-constrained wp-container-core-group-is-layout-e26d1307 wp-block-group-is-layout-constrained\" style=\"margin-top:0;margin-bottom:0;padding-top:var(--wp--preset--spacing--superbspacing-xsmall);padding-right:0;padding-bottom:var(--wp--preset--spacing--superbspacing-xsmall);padding-left:0\">\n<div class=\"wp-block-columns alignwide is-layout-flex wp-container-core-columns-is-layout-25593187 wp-block-columns-is-layout-flex\">\n<div class=\"wp-block-column is-vertically-aligned-center is-layout-flow wp-container-core-column-is-layout-a1628350 wp-block-column-is-layout-flow\" style=\"padding-top:0;padding-right:0;padding-bottom:0;padding-left:0\">\n<div class=\"wp-block-group is-layout-flow wp-container-core-group-is-layout-ff697075 wp-block-group-is-layout-flow\">\n<p class=\"has-text-align-left has-superbfont-small-font-size\">Chaque petit pas compte, et chaque changement est un pas vers un mode de vie plus \u00e9panouissant et plus sain.<\/p>\n\n\n\n<p class=\"has-text-align-left has-superbfont-small-font-size\">Ensemble, nous travaillerons dans un cadre s\u00e9curisant et sans jugement, pour vous permettre de retrouver votre \u00e9quilibre et d\u2019atteindre vos objectifs \u00e0 votre rythme.<\/p>\n\n\n\n<p class=\"has-text-align-left has-superbfont-small-font-size\">Mon ambition est simple : vous accompagner pour trouver vos propres cl\u00e9s et devenir pleinement autonome dans votre cheminement.<\/p>\n<\/div>\n<\/div>\n\n\n\n<div class=\"wp-block-column is-vertically-aligned-center is-layout-flow wp-container-core-column-is-layout-40a2a7e8 wp-block-column-is-layout-flow\" style=\"padding-right:0;padding-bottom:0;padding-left:0\">\n<figure class=\"wp-block-image aligncenter size-large is-resized has-custom-border\"><img loading=\"lazy\" decoding=\"async\" width=\"1024\" height=\"771\" src=\"https:\/\/alimcoaching.fr\/wp-content\/uploads\/2024\/11\/Page-coaching-2-1024x771.jpeg\" alt=\"\" class=\"wp-image-422\" style=\"border-radius:50px;width:480px;height:auto\" srcset=\"https:\/\/alimcoaching.fr\/wp-content\/uploads\/2024\/11\/Page-coaching-2-1024x771.jpeg 1024w, https:\/\/alimcoaching.fr\/wp-content\/uploads\/2024\/11\/Page-coaching-2-300x226.jpeg 300w, https:\/\/alimcoaching.fr\/wp-content\/uploads\/2024\/11\/Page-coaching-2-768x578.jpeg 768w, https:\/\/alimcoaching.fr\/wp-content\/uploads\/2024\/11\/Page-coaching-2-1536x1156.jpeg 1536w, https:\/\/alimcoaching.fr\/wp-content\/uploads\/2024\/11\/Page-coaching-2.jpeg 1600w\" sizes=\"auto, (max-width: 1024px) 100vw, 1024px\" \/><\/figure>\n<\/div>\n<\/div>\n<\/div>\n\n\n\n<h3 class=\"wp-block-heading has-superbfont-large-font-size\"><strong><strong>Comment se passe un accompagnement personnalis\u00e9&nbsp;?<\/strong><\/strong><\/h3>\n\n\n\n<p class=\"has-superbfont-small-font-size\">Je vous guide \u00e0 chaque \u00e9tape, pour vous aider \u00e0 atteindre vos objectifs et r\u00e9v\u00e9ler le meilleur de vous-m\u00eame&nbsp;:<\/p>\n\n\n\n<ul class=\"wp-block-list\">\n<li class=\"has-superbfont-small-font-size\">D\u00e9finir votre objectif global et les th\u00e8mes d\u2019accompagnement pour y parvenir (lors de la s\u00e9ance d\u00e9couverte).<\/li>\n\n\n\n<li class=\"has-superbfont-small-font-size\">D\u00e9finir un objectif de s\u00e9ance sur le th\u00e8me choisi (en d\u00e9but de chaque s\u00e9ance de coaching).&nbsp;<\/li>\n\n\n\n<li class=\"has-superbfont-small-font-size\">Identifier vos leviers de motivation, d\u00e9passer vos freins aux changements et identifier les pistes de changements (lors de chaque s\u00e9ance de coaching).<\/li>\n\n\n\n<li class=\"has-superbfont-small-font-size\">Passer \u00e0 l\u2019action avec la mise en place de nouvelles routines adapt\u00e9es \u00e0 votre situation (entre les s\u00e9ances).<\/li>\n<\/ul>\n\n\n\n<p class=\"has-superbfont-small-font-size\">Voici en guise d\u2019illustration quelques exemples de th\u00e8mes d\u2019accompagnement : \u00e9quilibrer son alimentation ; v\u00e9g\u00e9taliser son assiette ; reconna\u00eetre et \u00e9couter ses sensations de faim et de sati\u00e9t\u00e9 ; apprivoiser ses \u00e9motions, reconsid\u00e9rer son hygi\u00e8ne de vie ; g\u00e9rer l\u2019\u00e9quilibre entre vie professionnelle et vie priv\u00e9e.<\/p>\n\n\n\n<h3 class=\"wp-block-heading has-superbfont-large-font-size\"><strong>Combien de s\u00e9ances et \u00e0 quelle fr\u00e9quence ?<\/strong><\/h3>\n\n\n\n<p class=\"has-superbfont-small-font-size\">Lors de la s\u00e9ance d\u00e9couverte, nous prenons le temps de d\u00e9finir ensemble les th\u00e8mes d&rsquo;accompagnement qui r\u00e9pondent \u00e0 vos besoins sp\u00e9cifiques. Je vous proposerai un nombre de s\u00e9ances indicatif, pour vous donner une id\u00e9e de ce \u00e0 quoi pourrait ressembler votre parcours.&nbsp;<\/p>\n\n\n\n<p class=\"has-superbfont-small-font-size\">La fr\u00e9quence des s\u00e9ances est enti\u00e8rement flexible ! Elle s&rsquo;adapte \u00e0 vos objectifs, au rythme de votre progression, aux actions \u00e0 mettre en place entre chaque rencontre et bien s\u00fbr \u00e0 votre emploi du temps. L&rsquo;accompagnement est personnalis\u00e9 pour vous offrir une exp\u00e9rience sur mesure et vous aider \u00e0 atteindre vos objectifs de mani\u00e8re efficace et sereine.<\/p>\n\n\n\n<h3 class=\"wp-block-heading has-superbfont-large-font-size\"><strong><strong>Quelle formule, pour quel tarif&nbsp;?<\/strong><\/strong><\/h3>\n\n\n\n<p class=\"has-superbfont-small-font-size\">Lors de la s\u00e9ance d\u00e9couverte, nous d\u00e9finissons ensemble l\u2019accompagnement le plus adapt\u00e9 \u00e0 votre situation.<strong><\/strong><\/p>\n\n\n\n<p class=\"has-superbfont-small-font-size\"><strong>S\u00e9ance individuelle \u00e0 l\u2019unit\u00e9 (1 heure) : 75 \u20ac<\/strong><br>Parfaite pour d\u00e9bloquer une situation pr\u00e9cise et ponctuelle, afin de vous permettre d\u2019avancer en autonomie.<\/p>\n\n\n\n<p class=\"has-superbfont-small-font-size\"><strong>Accompagnement alimentaire durable :<\/strong><\/p>\n\n\n\n<ul class=\"wp-block-list\">\n<li class=\"has-superbfont-small-font-size\"><strong>Formule 3 s\u00e9ances : 375 \u20ac<\/strong><\/li>\n\n\n\n<li class=\"has-superbfont-small-font-size\"><strong>Formule 6 s\u00e9ances : 700 \u20ac<\/strong><\/li>\n<\/ul>\n\n\n\n<p class=\"has-superbfont-small-font-size\">Ces deux formules incluent :<\/p>\n\n\n\n<ul class=\"wp-block-list has-superbfont-small-font-size\">\n<li>Un <strong>suivi<\/strong> con\u00e7u pour <strong>mesurer vos progr\u00e8s<\/strong> et vous rendre autonome \u00e0 long terme. <\/li>\n<\/ul>\n\n\n\n<ul class=\"wp-block-list has-superbfont-small-font-size\">\n<li>Une <strong>strat\u00e9gie alimentaire r\u00e9aliste et adapt\u00e9e<\/strong> \u00e0 votre vie quotidienne.<\/li>\n<\/ul>\n\n\n\n<ul class=\"wp-block-list has-superbfont-small-font-size\">\n<li>Des <strong>s\u00e9ances individuelles<\/strong> d\u20191 heure (3 ou 6 selon la formule), qui aboutissent \u00e0 un engagement dans des <strong>actions concr\u00e8tes et applicables imm\u00e9diatement<\/strong>.<\/li>\n<\/ul>\n\n\n\n<ul class=\"wp-block-list has-superbfont-small-font-size\">\n<li>Des <strong>r\u00e9sum\u00e9s personnalis\u00e9s<\/strong> apr\u00e8s chaque s\u00e9ance pour savoir exactement quoi mettre en pratique et pourquoi.<\/li>\n<\/ul>\n\n\n\n<ul class=\"wp-block-list has-superbfont-small-font-size\">\n<li>Un <strong>soutien entre les s\u00e9ances<\/strong> via WhatsApp, SMS ou e-mail, pour lever les doutes, ajuster vos actions et rester motiv\u00e9(e).<\/li>\n<\/ul>\n\n\n\n<p class=\"has-superbfont-small-font-size\"><\/p>\n\n\n\n<h2 class=\"wp-block-heading has-superbfont-large-font-size\"><strong><strong>O\u00f9&nbsp;que vous soyez, choisissez la formule qui vous convient<\/strong><\/strong><\/h2>\n\n\n\n<p class=\"has-superbfont-small-font-size\">Profitez d&rsquo;une exp\u00e9rience personnalis\u00e9e et flexible :<\/p>\n\n\n\n<ul class=\"wp-block-list\">\n<li class=\"has-superbfont-small-font-size\"><strong>En visio-conf\u00e9rence<\/strong> : plus de limites g\u00e9ographiques ! B\u00e9n\u00e9ficiez de mon expertise o\u00f9 que vous soyez.<\/li>\n\n\n\n<li class=\"has-superbfont-small-font-size\"><strong>\u00c0 domicile<\/strong> : je me d\u00e9place directement chez vous \u00e0 <strong>Saint-Lunaire<\/strong> et ses environs. Des frais suppl\u00e9mentaires peuvent s&rsquo;appliquer selon la distance.<\/li>\n<\/ul>\n\n\n\n<div class=\"wp-block-buttons is-content-justification-center is-layout-flex wp-container-core-buttons-is-layout-a89b3969 wp-block-buttons-is-layout-flex\">\n<div class=\"wp-block-button\"><a class=\"wp-block-button__link has-luminous-vivid-orange-background-color has-background wp-element-button\" href=\"https:\/\/alimcoaching.fr\/index.php\/contact\/\" style=\"border-radius:100px\">Me contacter pour une s\u00e9ance d\u00e9couverte offerte<\/a><\/div>\n<\/div>\n\n\n\n<p><\/p>\n","protected":false},"excerpt":{"rendered":"<p>Transformez votre alimentation, transformez votre vie ! Vous souhaitez retrouver le contr\u00f4le de votre alimentation ? Adopter une alimentation plus saine, plus v\u00e9g\u00e9tale, plus durable, tout en \u00e9quilibrant votre mode de vie ? Vous \u00eates au bon endroit ! Changer ses habitudes alimentaires peut sembler compliqu\u00e9, d\u2019autant que chaque situation est unique. Mais avec le [&hellip;]<\/p>\n","protected":false},"author":1,"featured_media":0,"parent":0,"menu_order":0,"comment_status":"closed","ping_status":"closed","template":"","meta":{"footnotes":""},"class_list":["post-74","page","type-page","status-publish","hentry"],"_links":{"self":[{"href":"https:\/\/alimcoaching.fr\/index.php\/wp-json\/wp\/v2\/pages\/74","targetHints":{"allow":["GET"]}}],"collection":[{"href":"https:\/\/alimcoaching.fr\/index.php\/wp-json\/wp\/v2\/pages"}],"about":[{"href":"https:\/\/alimcoaching.fr\/index.php\/wp-json\/wp\/v2\/types\/page"}],"author":[{"embeddable":true,"href":"https:\/\/alimcoaching.fr\/index.php\/wp-json\/wp\/v2\/users\/1"}],"replies":[{"embeddable":true,"href":"https:\/\/alimcoaching.fr\/index.php\/wp-json\/wp\/v2\/comments?post=74"}],"version-history":[{"count":26,"href":"https:\/\/alimcoaching.fr\/index.php\/wp-json\/wp\/v2\/pages\/74\/revisions"}],"predecessor-version":[{"id":734,"href":"https:\/\/alimcoaching.fr\/index.php\/wp-json\/wp\/v2\/pages\/74\/revisions\/734"}],"wp:attachment":[{"href":"https:\/\/alimcoaching.fr\/index.php\/wp-json\/wp\/v2\/media?parent=74"}],"curies":[{"name":"wp","href":"https:\/\/api.w.org\/{rel}","templated":true}]}}