{"id":628,"date":"2024-12-18T16:11:50","date_gmt":"2024-12-18T15:11:50","guid":{"rendered":"https:\/\/alimcoaching.fr\/?page_id=628"},"modified":"2026-02-27T10:21:56","modified_gmt":"2026-02-27T09:21:56","slug":"mentions-legales-et-conditions-generales-dutilisation-du-site-2","status":"publish","type":"page","link":"https:\/\/alimcoaching.fr\/index.php\/mentions-legales-et-conditions-generales-dutilisation-du-site-2\/","title":{"rendered":"Mentions l\u00e9gales et Conditions g\u00e9n\u00e9rales d\u2019utilisation du Site"},"content":{"rendered":"\n<div class=\"wp-block-group has-superbfont-small-font-size has-global-padding is-layout-constrained wp-block-group-is-layout-constrained\">\n<hr class=\"wp-block-separator has-alpha-channel-opacity\"\/>\n\n\n\n<p><strong>Mentions l\u00e9gales&nbsp;:<\/strong><\/p>\n\n\n\n<p><strong>\u00c9diteur du site<\/strong><\/p>\n\n\n\n<p>Le site internet [<a href=\"https:\/\/alimcoaching.fr\/\">https:\/\/alimcoaching.fr\/<\/a>] est \u00e9dit\u00e9 par :&nbsp;<a href=\"https:\/\/breton-sur-le-web.fr\/\">breton-sur-le-web.fr<\/a><\/p>\n\n\n\n<ul class=\"wp-block-list\">\n<li><strong>Nom de l\u2019entreprise<\/strong>&nbsp;: Anne LLUCH<\/li>\n\n\n\n<li><strong>Statut juridique<\/strong>&nbsp;: Micro-entrepreneur<\/li>\n\n\n\n<li><strong>SIREN<\/strong>&nbsp;: 932 201 619<\/li>\n\n\n\n<li><strong>Adresse<\/strong>&nbsp;: 8 Impasse Richepin, 35800 Saint-Lunaire, France<\/li>\n\n\n\n<li><strong>Contact<\/strong>&nbsp;:\n<ul class=\"wp-block-list\">\n<li>T\u00e9l\u00e9phone : 06-09-32-71-20<\/li>\n\n\n\n<li>Email :&nbsp;<a href=\"mailto:annelluch68@gmail.com\">annelluch68@gmail.com<\/a><\/li>\n<\/ul>\n<\/li>\n<\/ul>\n\n\n\n<hr class=\"wp-block-separator has-alpha-channel-opacity\"\/>\n\n\n\n<p><strong>H\u00e9bergement<\/strong><\/p>\n\n\n\n<p>Le site est h\u00e9berg\u00e9 par OVH.<\/p>\n\n\n\n<p>OVH SAS est une filiale de la soci\u00e9t\u00e9 OVH Groupe SA, soci\u00e9t\u00e9 immatricul\u00e9e au RCS de Lille sous le num\u00e9ro 537 407 926 sise 2, rue Kellermann, 59100 Roubaix.<\/p>\n\n\n\n<hr class=\"wp-block-separator has-alpha-channel-opacity\"\/>\n\n\n\n<p><strong>Propri\u00e9t\u00e9 intellectuelle<\/strong><\/p>\n\n\n\n<p>Tous les contenus pr\u00e9sents sur le site, y compris textes, graphiques, logos, ic\u00f4nes, images, sons, vid\u00e9os, logiciels, et tout autre mat\u00e9riel, sont prot\u00e9g\u00e9s par les lois sur la propri\u00e9t\u00e9 intellectuelle. Ces \u00e9l\u00e9ments sont la propri\u00e9t\u00e9 exclusive de l\u2019\u00e9diteur ou de ses partenaires. Toute reproduction, distribution ou modification sans autorisation pr\u00e9alable est interdite.<\/p>\n\n\n\n<hr class=\"wp-block-separator has-alpha-channel-opacity\"\/>\n\n\n\n<p><strong>M\u00e9diateur de la consommation<\/strong><\/p>\n\n\n\n<p>Conform\u00e9ment aux articles L.616-1 et R.616-1 du code de la consommation, je propose un dispositif de m\u00e9diation de la consommation. L&rsquo;entit\u00e9 de m\u00e9diation retenue est : MEDIATION CONSOMMATION D\u00c9VELOPPEMENT\/MED CONSO DEV. En cas de litige, vous pouvez d\u00e9poser votre r\u00e9clamation sur son site : <a href=\"https:\/\/www.medconsodev.eu\">https:\/\/www.medconsodev.eu<\/a> ou par voie postale en \u00e9crivant \u00e0 <\/p>\n\n\n\n<p>MEDIATION CONSOMMATION D\u00c9VELOPPEMENT\/MED CONSO DEV<\/p>\n\n\n\n<p>Centre d\u2019Affaires St\u00e9phanois SAS<\/p>\n\n\n\n<p>Immeuble l\u2019horizon \u2013 Esplanade de France<\/p>\n\n\n\n<p>3, rue J. Constant Milleret \u2013 42000 SAINT-\u00c9TIENNE<\/p>\n\n\n\n<hr class=\"wp-block-separator has-alpha-channel-opacity\"\/>\n\n\n\n<p><strong>Cr\u00e9dit photos et vid\u00e9os<\/strong><\/p>\n\n\n\n<p>Les images utilis\u00e9es sur ce site sont soit la propri\u00e9t\u00e9 exclusive de Anne LLUCH, soit fournies par le prestataire charg\u00e9 de l\u2019\u00e9dition du site internet. Les images fournies par ce prestataire proviennent principalement de la plateforme Canva.com et sont utilis\u00e9es conform\u00e9ment aux licences d\u2019utilisation libres de droit associ\u00e9es. Toute reproduction, repr\u00e9sentation ou utilisation non autoris\u00e9e de ces images est strictement interdite.<\/p>\n\n\n\n<hr class=\"wp-block-separator has-alpha-channel-opacity\"\/>\n\n\n\n<p><strong>Donn\u00e9es personnelles<\/strong><\/p>\n\n\n\n<p>Les informations collect\u00e9es sur ce site sont trait\u00e9es conform\u00e9ment au R\u00e8glement G\u00e9n\u00e9ral sur la Protection des Donn\u00e9es (RGPD). Pour en savoir plus, veuillez consulter ma Politique de Confidentialit\u00e9.<\/p>\n\n\n\n<hr class=\"wp-block-separator has-alpha-channel-opacity\"\/>\n\n\n\n<p><strong>Conditions g\u00e9n\u00e9rales d\u2019utilisation (CGU)<\/strong><\/p>\n\n\n\n<p><strong>Article 1 \u2013 Objet des CGU<\/strong><\/p>\n\n\n\n<p>Les pr\u00e9sentes CGU ont pour objet de d\u00e9finir les conditions d\u2019acc\u00e8s et d\u2019utilisation du site [<a href=\"https:\/\/alimcoaching.fr\/\">https:\/\/alimcoaching.fr\/<\/a>]. Toute utilisation du site implique l\u2019acceptation des CGU.<\/p>\n\n\n\n<hr class=\"wp-block-separator has-alpha-channel-opacity\"\/>\n\n\n\n<p><strong>Article 2 \u2013 Acc\u00e8s au site<\/strong><\/p>\n\n\n\n<p>L\u2019acc\u00e8s au site est r\u00e9serv\u00e9 aux personnes majeures. L\u2019utilisation du site est strictement personnelle. Toute utilisation \u00e0 des fins commerciales est interdite sans autorisation pr\u00e9alable. Le site peut \u00eatre suspendu temporairement pour maintenance ou mise \u00e0 jour. L\u2019\u00e9diteur s\u2019efforcera d\u2019informer les utilisateurs en cas d\u2019interruption.<\/p>\n\n\n\n<hr class=\"wp-block-separator has-alpha-channel-opacity\"\/>\n\n\n\n<p><strong>Article 3 \u2013 Contenu du site et propri\u00e9t\u00e9 intellectuelle<\/strong><\/p>\n\n\n\n<p>Tous les contenus du site sont prot\u00e9g\u00e9s par les droits de propri\u00e9t\u00e9 intellectuelle. Toute reproduction, modification ou diffusion sans accord est interdite.<\/p>\n\n\n\n<hr class=\"wp-block-separator has-alpha-channel-opacity\"\/>\n\n\n\n<p><strong>Article 4 \u2013 Responsabilit\u00e9<\/strong><\/p>\n\n\n\n<p>L\u2019\u00e9diteur d\u00e9cline toute responsabilit\u00e9 en cas :<\/p>\n\n\n\n<ul class=\"wp-block-list\">\n<li>d\u2019interruption du service pour des raisons techniques ;<\/li>\n\n\n\n<li>d\u2019utilisation frauduleuse ou incorrecte des donn\u00e9es par des tiers ;<\/li>\n\n\n\n<li>de perte ou vol de donn\u00e9es caus\u00e9s par l\u2019utilisateur.<\/li>\n<\/ul>\n\n\n\n<p>L\u2019utilisateur reconna\u00eet que les informations et conseils contenus sur le site ne sauraient se substituer aux conseils et consultations d\u2019un professionnel qualifi\u00e9 en mati\u00e8re m\u00e9dicale, param\u00e9dicale ou autre profession r\u00e9glement\u00e9e.&nbsp;<\/p>\n\n\n\n<hr class=\"wp-block-separator has-alpha-channel-opacity\"\/>\n\n\n\n<p><strong>Article 5 \u2013 Donn\u00e9es personnelles<\/strong><\/p>\n\n\n\n<p>Les donn\u00e9es collect\u00e9es sur le site sont utilis\u00e9es dans le cadre de la prise de contact pour les services propos\u00e9s (coaching de particuliers, coaching de salari\u00e9s, ateliers th\u00e9matiques). Aucune donn\u00e9e n\u2019est partag\u00e9e avec des tiers sans consentement explicite. Les utilisateurs disposent d\u2019un droit d\u2019acc\u00e8s, de rectification et d\u2019effacement de leurs donn\u00e9es personnelles. Pour exercer ces droits, contactez-moi \u00e0 [<a href=\"mailto:contact@alimcoaching.fr\">alimcoachingfr<\/a>@gmail&nbsp;.com].<\/p>\n\n\n\n<hr class=\"wp-block-separator has-alpha-channel-opacity\"\/>\n\n\n\n<p><strong>Article 6 \u2013 Cookies<\/strong><\/p>\n\n\n\n<p>Le site utilise des cookies pour optimiser la navigation. Vous pouvez configurer votre navigateur pour d\u00e9sactiver les cookies. Pour en savoir plus, consultez la Politique de confidentialit\u00e9.<\/p>\n\n\n\n<hr class=\"wp-block-separator has-alpha-channel-opacity\"\/>\n\n\n\n<p><strong>Article 7 \u2013 Litiges et juridiction<\/strong><\/p>\n\n\n\n<p>En cas de litige, les parties chercheront une solution amiable avant toute action judiciaire. \u00c0 d\u00e9faut, les tribunaux comp\u00e9tents seront ceux du ressort de 8 Impasse Richepin, 35800 Saint-Lunaire, et la loi applicable sera la loi fran\u00e7aise.<\/p>\n\n\n\n<hr class=\"wp-block-separator has-alpha-channel-opacity\"\/>\n\n\n\n<p><strong>Article 8 \u2013 Contact<\/strong><\/p>\n\n\n\n<p>Pour toute question relative au site ou \u00e0 son utilisation, contactez-moi \u00e0 :<\/p>\n\n\n\n<ul class=\"wp-block-list\">\n<li>Email :&nbsp;<a href=\"mailto:annelluch68@gmail.com\">annelluch68@gmail.com<\/a><\/li>\n\n\n\n<li>T\u00e9l\u00e9phone : 06-09-32-71-20<\/li>\n<\/ul>\n\n\n\n<hr class=\"wp-block-separator has-alpha-channel-opacity\"\/>\n\n\n\n<p class=\"has-superbfont-small-font-size\"><\/p>\n<\/div>\n\n\n\n<p><\/p>\n","protected":false},"excerpt":{"rendered":"<p>Mentions l\u00e9gales&nbsp;: \u00c9diteur du site Le site internet [https:\/\/alimcoaching.fr\/] est \u00e9dit\u00e9 par :&nbsp;breton-sur-le-web.fr H\u00e9bergement Le site est h\u00e9berg\u00e9 par OVH. OVH SAS est une filiale de la soci\u00e9t\u00e9 OVH Groupe SA, soci\u00e9t\u00e9 immatricul\u00e9e au RCS de Lille sous le num\u00e9ro 537 407 926 sise 2, rue Kellermann, 59100 Roubaix. Propri\u00e9t\u00e9 intellectuelle Tous les contenus pr\u00e9sents [&hellip;]<\/p>\n","protected":false},"author":1,"featured_media":0,"parent":0,"menu_order":0,"comment_status":"closed","ping_status":"closed","template":"","meta":{"footnotes":""},"class_list":["post-628","page","type-page","status-publish","hentry"],"_links":{"self":[{"href":"https:\/\/alimcoaching.fr\/index.php\/wp-json\/wp\/v2\/pages\/628","targetHints":{"allow":["GET"]}}],"collection":[{"href":"https:\/\/alimcoaching.fr\/index.php\/wp-json\/wp\/v2\/pages"}],"about":[{"href":"https:\/\/alimcoaching.fr\/index.php\/wp-json\/wp\/v2\/types\/page"}],"author":[{"embeddable":true,"href":"https:\/\/alimcoaching.fr\/index.php\/wp-json\/wp\/v2\/users\/1"}],"replies":[{"embeddable":true,"href":"https:\/\/alimcoaching.fr\/index.php\/wp-json\/wp\/v2\/comments?post=628"}],"version-history":[{"count":3,"href":"https:\/\/alimcoaching.fr\/index.php\/wp-json\/wp\/v2\/pages\/628\/revisions"}],"predecessor-version":[{"id":753,"href":"https:\/\/alimcoaching.fr\/index.php\/wp-json\/wp\/v2\/pages\/628\/revisions\/753"}],"wp:attachment":[{"href":"https:\/\/alimcoaching.fr\/index.php\/wp-json\/wp\/v2\/media?parent=628"}],"curies":[{"name":"wp","href":"https:\/\/api.w.org\/{rel}","templated":true}]}}