{"id":18,"date":"2024-10-11T10:50:20","date_gmt":"2024-10-11T08:50:20","guid":{"rendered":"https:\/\/alimcoaching.fr\/?page_id=18"},"modified":"2024-12-17T19:04:55","modified_gmt":"2024-12-17T18:04:55","slug":"contact","status":"publish","type":"page","link":"https:\/\/alimcoaching.fr\/index.php\/contact\/","title":{"rendered":"Contact"},"content":{"rendered":"<style id=\"wpforms-css-vars-root\">\n\t\t\t\t:root {\n\t\t\t\t\t--wpforms-field-border-radius: 3px;\n--wpforms-field-border-style: solid;\n--wpforms-field-border-size: 1px;\n--wpforms-field-background-color: #ffffff;\n--wpforms-field-border-color: rgba( 0, 0, 0, 0.25 );\n--wpforms-field-border-color-spare: rgba( 0, 0, 0, 0.25 );\n--wpforms-field-text-color: rgba( 0, 0, 0, 0.7 );\n--wpforms-field-menu-color: #ffffff;\n--wpforms-label-color: rgba( 0, 0, 0, 0.85 );\n--wpforms-label-sublabel-color: rgba( 0, 0, 0, 0.55 );\n--wpforms-label-error-color: #d63637;\n--wpforms-button-border-radius: 3px;\n--wpforms-button-border-style: none;\n--wpforms-button-border-size: 1px;\n--wpforms-button-background-color: #066aab;\n--wpforms-button-border-color: #066aab;\n--wpforms-button-text-color: #ffffff;\n--wpforms-page-break-color: #066aab;\n--wpforms-background-image: none;\n--wpforms-background-position: center center;\n--wpforms-background-repeat: no-repeat;\n--wpforms-background-size: cover;\n--wpforms-background-width: 100px;\n--wpforms-background-height: 100px;\n--wpforms-background-color: rgba( 0, 0, 0, 0 );\n--wpforms-background-url: none;\n--wpforms-container-padding: 0px;\n--wpforms-container-border-style: none;\n--wpforms-container-border-width: 1px;\n--wpforms-container-border-color: #000000;\n--wpforms-container-border-radius: 3px;\n--wpforms-field-size-input-height: 43px;\n--wpforms-field-size-input-spacing: 15px;\n--wpforms-field-size-font-size: 16px;\n--wpforms-field-size-line-height: 19px;\n--wpforms-field-size-padding-h: 14px;\n--wpforms-field-size-checkbox-size: 16px;\n--wpforms-field-size-sublabel-spacing: 5px;\n--wpforms-field-size-icon-size: 1;\n--wpforms-label-size-font-size: 16px;\n--wpforms-label-size-line-height: 19px;\n--wpforms-label-size-sublabel-font-size: 14px;\n--wpforms-label-size-sublabel-line-height: 17px;\n--wpforms-button-size-font-size: 17px;\n--wpforms-button-size-height: 41px;\n--wpforms-button-size-padding-h: 15px;\n--wpforms-button-size-margin-top: 10px;\n--wpforms-container-shadow-size-box-shadow: none;\n\n\t\t\t\t}\n\t\t\t<\/style><style id=\"wpforms-css-vars-147-block-b13f38af-9072-4e6b-92f5-0ad9c167f45e\">\n\t\t\t\t#wpforms-147.wpforms-block-b13f38af-9072-4e6b-92f5-0ad9c167f45e {\n\t\t\t\t\t--wpforms-label-color: #262626;\n--wpforms-label-sublabel-color: #7f7f7f;\n--wpforms-label-error-color: #ff0000;\n--wpforms-page-break-color: #dddddd;\n--wpforms-field-border-radius: 0px;\n--wpforms-field-border-color: #51882f;\n--wpforms-field-border-color-spare: #51882f;\n--wpforms-field-text-color: #444444;\n--wpforms-button-border-style: solid;\n--wpforms-button-border-radius: 50px;\n--wpforms-button-background-color: #ff6900;\n--wpforms-button-text-color: #FFFFFF;\n--wpforms-button-border-color: #ff6900;\n--wpforms-field-size-input-height: 43px;\n--wpforms-field-size-input-spacing: 15px;\n--wpforms-field-size-font-size: 16px;\n--wpforms-field-size-line-height: 19px;\n--wpforms-field-size-padding-h: 14px;\n--wpforms-field-size-checkbox-size: 16px;\n--wpforms-field-size-sublabel-spacing: 5px;\n--wpforms-field-size-icon-size: 1;\n--wpforms-label-size-font-size: 14px;\n--wpforms-label-size-line-height: 17px;\n--wpforms-label-size-sublabel-font-size: 13px;\n--wpforms-label-size-sublabel-line-height: 16px;\n--wpforms-button-size-font-size: 17px;\n--wpforms-button-size-height: 41px;\n--wpforms-button-size-padding-h: 15px;\n--wpforms-button-size-margin-top: 10px;\n\n\t\t\t\t}\n\t\t\t<\/style><div class=\"wpforms-container wpforms-container-full wpforms-block wpforms-block-b13f38af-9072-4e6b-92f5-0ad9c167f45e wpforms-render-modern\" id=\"wpforms-147\"><form id=\"wpforms-form-147\" class=\"wpforms-validate wpforms-form wpforms-ajax-form\" data-formid=\"147\" method=\"post\" enctype=\"multipart\/form-data\" action=\"\/index.php\/wp-json\/wp\/v2\/pages\/18\" data-token=\"80a46af03cbeeae198ab185d3e0125d2\" data-token-time=\"1776326776\"><noscript class=\"wpforms-error-noscript\">Veuillez activer JavaScript dans votre navigateur pour remplir ce formulaire.<\/noscript><div class=\"wpforms-hidden\" id=\"wpforms-error-noscript\">Veuillez activer JavaScript dans votre navigateur pour remplir ce formulaire.<\/div><div class=\"wpforms-field-container\"><div id=\"wpforms-147-field_0-container\" class=\"wpforms-field wpforms-field-name\" data-field-id=\"0\"><fieldset><legend class=\"wpforms-field-label\">Votre Pr\u00e9nom et Nom <span class=\"wpforms-required-label\" aria-hidden=\"true\">*<\/span><\/legend><div class=\"wpforms-field-row wpforms-field-large\"><div class=\"wpforms-field-row-block wpforms-first wpforms-one-half\"><input type=\"text\" id=\"wpforms-147-field_0\" class=\"wpforms-field-name-first wpforms-field-required\" name=\"wpforms[fields][0][first]\" aria-errormessage=\"wpforms-147-field_0-error\" required><label for=\"wpforms-147-field_0\" class=\"wpforms-field-sublabel after\">Pr\u00e9nom<\/label><\/div><div class=\"wpforms-field-row-block wpforms-one-half\"><input type=\"text\" id=\"wpforms-147-field_0-last\" class=\"wpforms-field-name-last wpforms-field-required\" name=\"wpforms[fields][0][last]\" aria-errormessage=\"wpforms-147-field_0-last-error\" required><label for=\"wpforms-147-field_0-last\" class=\"wpforms-field-sublabel after\">Nom<\/label><\/div><\/div><\/fieldset><\/div><div id=\"wpforms-147-field_1-container\" class=\"wpforms-field wpforms-field-email\" data-field-id=\"1\"><label class=\"wpforms-field-label\" for=\"wpforms-147-field_1\">Votre adresse Email<\/label><input type=\"email\" id=\"wpforms-147-field_1\" class=\"wpforms-field-large\" name=\"wpforms[fields][1]\" spellcheck=\"false\" aria-errormessage=\"wpforms-147-field_1-error\" ><\/div><div id=\"wpforms-147-field_10-container\" class=\"wpforms-field wpforms-field-number\" data-field-id=\"10\"><label class=\"wpforms-field-label\" for=\"wpforms-147-field_10\">Votre num\u00e9ro de t\u00e9l\u00e9phone <span class=\"wpforms-required-label\" aria-hidden=\"true\">*<\/span><\/label><input type=\"number\" id=\"wpforms-147-field_10\" class=\"wpforms-field-medium wpforms-field-required\" name=\"wpforms[fields][10]\" aria-errormessage=\"wpforms-147-field_10-error\" required><\/div><div id=\"wpforms-147-field_8-container\" class=\"wpforms-field wpforms-field-radio wpforms-list-2-columns\" data-field-id=\"8\"><fieldset><legend class=\"wpforms-field-label\">Vous \u00eates un : <span class=\"wpforms-required-label\" aria-hidden=\"true\">*<\/span><\/legend><ul id=\"wpforms-147-field_8\" class=\"wpforms-field-required\"><li class=\"choice-4 depth-1\"><input type=\"radio\" id=\"wpforms-147-field_8_4\" name=\"wpforms[fields][8]\" value=\"Particulier\" aria-errormessage=\"wpforms-147-field_8_4-error\" required ><label class=\"wpforms-field-label-inline\" for=\"wpforms-147-field_8_4\">Particulier<\/label><\/li><li class=\"choice-5 depth-1\"><input type=\"radio\" id=\"wpforms-147-field_8_5\" name=\"wpforms[fields][8]\" value=\"Professionnel\" aria-errormessage=\"wpforms-147-field_8_5-error\" required ><label class=\"wpforms-field-label-inline\" for=\"wpforms-147-field_8_5\">Professionnel<\/label><\/li><\/ul><\/fieldset><\/div><div id=\"wpforms-147-field_12-container\" class=\"wpforms-field wpforms-field-checkbox wpforms-list-2-columns\" data-field-id=\"12\"><fieldset><legend class=\"wpforms-field-label\">Vous seriez int\u00e9ress\u00e9(e) par&#8230; <span class=\"wpforms-required-label\" aria-hidden=\"true\">*<\/span><\/legend><ul id=\"wpforms-147-field_12\" class=\"wpforms-field-required\"><li class=\"choice-1 depth-1\"><input type=\"checkbox\" id=\"wpforms-147-field_12_1\" name=\"wpforms[fields][12][]\" value=\"Un coaching alimentaire\" aria-errormessage=\"wpforms-147-field_12_1-error\" required ><label class=\"wpforms-field-label-inline\" for=\"wpforms-147-field_12_1\">Un coaching alimentaire<\/label><\/li><li class=\"choice-2 depth-1\"><input type=\"checkbox\" id=\"wpforms-147-field_12_2\" name=\"wpforms[fields][12][]\" value=\"Des ateliers th\u00e9matiques\" aria-errormessage=\"wpforms-147-field_12_2-error\" required ><label class=\"wpforms-field-label-inline\" for=\"wpforms-147-field_12_2\">Des ateliers th\u00e9matiques<\/label><\/li><li class=\"choice-3 depth-1\"><input type=\"checkbox\" id=\"wpforms-147-field_12_3\" name=\"wpforms[fields][12][]\" value=\"Un coaching de salari\u00e9s\" aria-errormessage=\"wpforms-147-field_12_3-error\" required ><label class=\"wpforms-field-label-inline\" for=\"wpforms-147-field_12_3\">Un coaching de salari\u00e9s<\/label><\/li><li class=\"choice-4 depth-1\"><input type=\"checkbox\" id=\"wpforms-147-field_12_4\" name=\"wpforms[fields][12][]\" value=\"Autre (pr\u00e9ciser en commentaire)\" aria-errormessage=\"wpforms-147-field_12_4-error\" required ><label class=\"wpforms-field-label-inline\" for=\"wpforms-147-field_12_4\">Autre (pr\u00e9ciser en commentaire)<\/label><\/li><\/ul><\/fieldset><\/div><div id=\"wpforms-147-field_2-container\" class=\"wpforms-field wpforms-field-textarea\" data-field-id=\"2\"><label class=\"wpforms-field-label\" for=\"wpforms-147-field_2\">N&#039;h\u00e9sitez pas \u00e0 me laisser un commentaire<\/label><textarea id=\"wpforms-147-field_2\" class=\"wpforms-field-medium\" name=\"wpforms[fields][2]\" aria-errormessage=\"wpforms-147-field_2-error\" ><\/textarea><\/div><\/div><!-- .wpforms-field-container --><div class=\"wpforms-submit-container\" ><input type=\"hidden\" name=\"wpforms[id]\" value=\"147\"><input type=\"hidden\" name=\"page_title\" value=\"\"><input type=\"hidden\" name=\"page_url\" value=\"https:\/\/alimcoaching.fr\/index.php\/wp-json\/wp\/v2\/pages\/18\"><button type=\"submit\" name=\"wpforms[submit]\" id=\"wpforms-submit-147\" class=\"wpforms-submit\" data-alt-text=\"Envoi en cours...\" data-submit-text=\"Envoyer\" aria-live=\"assertive\" value=\"wpforms-submit\">Envoyer<\/button><img loading=\"lazy\" decoding=\"async\" src=\"https:\/\/alimcoaching.fr\/wp-content\/plugins\/wpforms-lite\/assets\/images\/submit-spin.svg\" class=\"wpforms-submit-spinner\" style=\"display: none;\" width=\"26\" height=\"26\" alt=\"Chargement en cours\"><\/div><\/form><\/div>  <!-- .wpforms-container -->\n\n\n<h2 class=\"wp-block-heading has-text-align-center has-contrast-color has-text-color has-superbfont-large-font-size\">Je suis localis\u00e9e \u00e0 Saint-Lunaire, en Bretagne<\/h2>\n\n\n\n<p class=\"has-text-align-center has-contrast-dark-color has-text-color has-superbfont-xsmall-font-size\">Mes accompagnements peuvent se faire en pr\u00e9sentiel sur la C\u00f4te D&rsquo;Emeraude, ou \u00e0 distance visioconf\u00e9rence partout en France.<\/p>\n\n\n<p><iframe src=\"https:\/\/www.google.com\/maps\/embed?pb=!1m18!1m12!1m3!1d42199.4834126101!2d-2.141595788310973!3d48.620031292243524!2m3!1f0!2f0!3f0!3m2!1i1024!2i768!4f13.1!3m3!1m2!1s0x480e7de05221a5e5%3A0x40ca5cd36e4a820!2s35800%20Saint-Lunaire!5e0!3m2!1sfr!2sfr!4v1734081655687!5m2!1sfr!2sfr\" width=\"800\" height=\"600\" style=\"border:0;\" allowfullscreen=\"\" loading=\"lazy\" referrerpolicy=\"no-referrer-when-downgrade\"><\/iframe><\/p>\n","protected":false},"excerpt":{"rendered":"<p>Je suis localis\u00e9e \u00e0 Saint-Lunaire, en Bretagne Mes accompagnements peuvent se faire en pr\u00e9sentiel sur la C\u00f4te D&rsquo;Emeraude, ou \u00e0 distance visioconf\u00e9rence partout en France.<\/p>\n","protected":false},"author":1,"featured_media":0,"parent":0,"menu_order":0,"comment_status":"closed","ping_status":"closed","template":"","meta":{"footnotes":""},"class_list":["post-18","page","type-page","status-publish","hentry"],"_links":{"self":[{"href":"https:\/\/alimcoaching.fr\/index.php\/wp-json\/wp\/v2\/pages\/18","targetHints":{"allow":["GET"]}}],"collection":[{"href":"https:\/\/alimcoaching.fr\/index.php\/wp-json\/wp\/v2\/pages"}],"about":[{"href":"https:\/\/alimcoaching.fr\/index.php\/wp-json\/wp\/v2\/types\/page"}],"author":[{"embeddable":true,"href":"https:\/\/alimcoaching.fr\/index.php\/wp-json\/wp\/v2\/users\/1"}],"replies":[{"embeddable":true,"href":"https:\/\/alimcoaching.fr\/index.php\/wp-json\/wp\/v2\/comments?post=18"}],"version-history":[{"count":22,"href":"https:\/\/alimcoaching.fr\/index.php\/wp-json\/wp\/v2\/pages\/18\/revisions"}],"predecessor-version":[{"id":621,"href":"https:\/\/alimcoaching.fr\/index.php\/wp-json\/wp\/v2\/pages\/18\/revisions\/621"}],"wp:attachment":[{"href":"https:\/\/alimcoaching.fr\/index.php\/wp-json\/wp\/v2\/media?parent=18"}],"curies":[{"name":"wp","href":"https:\/\/api.w.org\/{rel}","templated":true}]}}