{"id":17,"date":"2024-10-11T10:50:20","date_gmt":"2024-10-11T08:50:20","guid":{"rendered":"https:\/\/alimcoaching.fr\/?page_id=17"},"modified":"2026-03-25T16:13:22","modified_gmt":"2026-03-25T15:13:22","slug":"a-propos-de","status":"publish","type":"page","link":"https:\/\/alimcoaching.fr\/index.php\/a-propos-de\/","title":{"rendered":"Qui suis-je ?"},"content":{"rendered":"\n<div class=\"wp-block-group alignfull is-content-justification-center is-layout-flex wp-container-core-group-is-layout-ea91afac wp-block-group-is-layout-flex\" style=\"margin-top:0;margin-bottom:0;padding-top:0;padding-right:0;padding-bottom:0;padding-left:0\">\n<div class=\"wp-block-columns alignfull is-layout-flex wp-container-core-columns-is-layout-25593187 wp-block-columns-is-layout-flex\">\n<div class=\"wp-block-column is-vertically-aligned-center is-layout-flow wp-container-core-column-is-layout-40a2a7e8 wp-block-column-is-layout-flow\" style=\"padding-right:0;padding-bottom:0;padding-left:0\">\n<figure class=\"wp-block-image aligncenter size-full has-custom-border\"><img loading=\"lazy\" decoding=\"async\" width=\"853\" height=\"642\" src=\"http:\/\/alimcoaching.fr\/wp-content\/uploads\/2024\/11\/540cc712-940a-46e1-9b85-c579994fd2cd.jpg\" alt=\"\" class=\"wp-image-339\" style=\"border-radius:50px;object-fit:cover\" srcset=\"https:\/\/alimcoaching.fr\/wp-content\/uploads\/2024\/11\/540cc712-940a-46e1-9b85-c579994fd2cd.jpg 853w, https:\/\/alimcoaching.fr\/wp-content\/uploads\/2024\/11\/540cc712-940a-46e1-9b85-c579994fd2cd-300x226.jpg 300w, https:\/\/alimcoaching.fr\/wp-content\/uploads\/2024\/11\/540cc712-940a-46e1-9b85-c579994fd2cd-768x578.jpg 768w\" sizes=\"auto, (max-width: 853px) 100vw, 853px\" \/><\/figure>\n<\/div>\n\n\n\n<div class=\"wp-block-column is-vertically-aligned-center is-layout-flow wp-container-core-column-is-layout-a1628350 wp-block-column-is-layout-flow\" style=\"padding-top:0;padding-right:0;padding-bottom:0;padding-left:0\">\n<p class=\"has-text-align-left has-contrast-dark-color has-text-color has-superbfont-xsmall-font-size\">D\u00e9couvrez une nouvelle fa\u00e7on d&rsquo;aborder votre alimentation avec Anne Lluch, di\u00e9t\u00e9ticienne, Docteur en comportement alimentaire et coach professionnelle certifi\u00e9e.\u00a0<\/p>\n\n\n\n<p class=\"has-text-align-left has-contrast-dark-color has-text-color has-superbfont-xsmall-font-size\">Mes valeurs ? Libert\u00e9, harmonie et authenticit\u00e9. \u00c9galement tol\u00e9rance, entraide et loyaut\u00e9. Chaque jour, je puise mon \u00e9nergie dans la nature, les plaisirs simples comme marcher, jardiner ou partager un bon repas avec mes proches. J\u2019aime me sentir utile. Et parce que je crois en un monde o\u00f9 une alimentation plus saine et durable est \u00e0 la port\u00e9e de tous, je m&rsquo;engage activement pour rendre ce r\u00eave accessible.<\/p>\n\n\n\n<div class=\"wp-block-group is-layout-flow wp-container-core-group-is-layout-ff697075 wp-block-group-is-layout-flow\"><\/div>\n<\/div>\n<\/div>\n<\/div>\n\n\n\n<div id=\"mon-parcours\" class=\"wp-block-group has-global-padding is-layout-constrained wp-block-group-is-layout-constrained\">\n<h2 class=\"wp-block-heading\" id=\"Mon-Parcours\">Mon parcours<\/h2>\n\n\n\n<p class=\"has-superbfont-small-font-size\"><strong>Expertise en nutrition et comportement alimentaire, de la recherche \u00e0 l\u2019accompagnement personnalis\u00e9.<\/strong><\/p>\n\n\n\n<p class=\"has-superbfont-small-font-size\">Apr\u00e8s une formation en di\u00e9t\u00e9tique et en biochimie, j&rsquo;ai consacr\u00e9 plus de 30 ans \u00e0 l&rsquo;\u00e9tude des comportements alimentaires, notamment dans la pr\u00e9vention de l\u2019ob\u00e9sit\u00e9. Apr\u00e8s une th\u00e8se \u00e0 l&rsquo;INSERM, une carri\u00e8re de chercheur en Angleterre et au sein de Danone, j&rsquo;ai collabor\u00e9 avec des experts internationaux pour contribuer \u00e0 am\u00e9liorer l&rsquo;alimentation des populations.<\/p>\n\n\n\n<div class=\"wp-block-buttons is-content-justification-center is-layout-flex wp-container-core-buttons-is-layout-a89b3969 wp-block-buttons-is-layout-flex\">\n<div class=\"wp-block-button\"><a class=\"wp-block-button__link has-superbfont-xsmall-font-size has-custom-font-size wp-element-button\" href=\"https:\/\/www.researchgate.net\/profile\/Anne-Lluch\" style=\"border-style:none;border-width:0px;border-radius:100px\" target=\"_blank\" rel=\"noreferrer noopener\">D\u00e9couvrir mes publications scientifiques<\/a><\/div>\n<\/div>\n\n\n\n<p class=\"has-superbfont-small-font-size\">Entre 2022 et 2024, j\u2019ai \u00e9largi mon expertise en coaching professionnel et en cuisine sant\u00e9 et v\u00e9g\u00e9tarienne, pour accompagner des transformations durables des comportements alimentaires. Je me suis install\u00e9e en Bretagne, o\u00f9 je me consacre \u00e0 la promotion d&rsquo;une alimentation positive, plus saine et respectueuse de la plan\u00e8te.<\/p>\n\n\n\n<div class=\"wp-block-buttons is-content-justification-center is-layout-flex wp-container-core-buttons-is-layout-a89b3969 wp-block-buttons-is-layout-flex\">\n<div class=\"wp-block-button\"><a class=\"wp-block-button__link has-superbfont-xsmall-font-size has-custom-font-size wp-element-button\" href=\"https:\/\/www.linkedin.com\/in\/annelluch\/\" style=\"border-radius:100px\" target=\"_blank\" rel=\"noreferrer noopener\">D\u00e9couvrir mon profil LinkedIn<\/a><\/div>\n<\/div>\n\n\n\n<div class=\"wp-block-buttons is-layout-flex wp-block-buttons-is-layout-flex\">\n<div class=\"wp-block-button\"><a class=\"wp-block-button__link has-luminous-vivid-orange-background-color has-background wp-element-button\" style=\"border-radius:100px\"><strong>Mon approche : allier science, pr\u00e9vention et bien-\u00eatre pour un futur alimentaire plus sain et durable.<\/strong><\/a><\/div>\n<\/div>\n<\/div>\n\n\n\n<div class=\"wp-block-group alignfull has-global-padding is-layout-constrained wp-block-group-is-layout-constrained\">\n<div class=\"wp-block-group alignfull has-global-padding is-layout-constrained wp-block-group-is-layout-constrained\" id=\"alim-coaching\">\n<div class=\"wp-block-group alignfull is-vertical is-content-justification-center is-layout-flex wp-container-core-group-is-layout-d4a84cd0 wp-block-group-is-layout-flex\" style=\"margin-top:var(--wp--preset--spacing--superbspacing-xxsmall);margin-bottom:var(--wp--preset--spacing--superbspacing-xxsmall);padding-top:0;padding-right:0;padding-bottom:0;padding-left:0\">\n<div class=\"wp-block-columns alignwide is-layout-flex wp-container-core-columns-is-layout-25593187 wp-block-columns-is-layout-flex\">\n<div class=\"wp-block-column is-vertically-aligned-center is-layout-flow wp-container-core-column-is-layout-a1628350 wp-block-column-is-layout-flow\" style=\"padding-top:0;padding-right:0;padding-bottom:0;padding-left:0\">\n<div class=\"wp-block-group is-layout-flow wp-container-core-group-is-layout-ff697075 wp-block-group-is-layout-flow\">\n<h2 class=\"wp-block-heading\">ALim Coaching<\/h2>\n\n\n\n<h3 class=\"wp-block-heading has-text-align-left has-superbfont-medium-font-size\" style=\"line-height:1.2\"><strong>Votre partenaire vers une alimentation plus saine et durable !<\/strong><\/h3>\n\n\n\n<div style=\"height:9px\" aria-hidden=\"true\" class=\"wp-block-spacer\"><\/div>\n\n\n\n<p class=\"has-text-align-left has-superbfont-small-font-size\">N\u00e9e d\u2019une expertise approfondie dans la recherche en comportement alimentaire, ALim Coaching est bien plus qu\u2019un simple accompagnement. C\u2019est l\u2019opportunit\u00e9 de transformer vos habitudes alimentaires pour adopter un mode de vie respectueux de votre bien-\u00eatre et de la plan\u00e8te.<\/p>\n\n\n\n<p class=\"has-text-align-left has-superbfont-small-font-size\">Ma mission ? Vous guider, vous soutenir et vous aider \u00e0 prendre des d\u00e9cisions \u00e9clair\u00e9es pour une alimentation plus \u00e9quilibr\u00e9e et durable, gr\u00e2ce \u00e0 un accompagnement personnalis\u00e9 et \u00e0 des solutions concr\u00e8tes, adapt\u00e9es \u00e0 vos besoins.<\/p>\n<\/div>\n<\/div>\n<\/div>\n\n\n\n<figure class=\"wp-block-image size-full is-resized has-custom-border wp-container-content-69bc4bdf\"><img loading=\"lazy\" decoding=\"async\" width=\"500\" height=\"500\" src=\"http:\/\/alimcoaching.fr\/wp-content\/uploads\/2024\/11\/Logo-AlimCoaching.png\" alt=\"\" class=\"wp-image-439\" style=\"border-radius:8px;width:362px;height:auto\" srcset=\"https:\/\/alimcoaching.fr\/wp-content\/uploads\/2024\/11\/Logo-AlimCoaching.png 500w, https:\/\/alimcoaching.fr\/wp-content\/uploads\/2024\/11\/Logo-AlimCoaching-300x300.png 300w, https:\/\/alimcoaching.fr\/wp-content\/uploads\/2024\/11\/Logo-AlimCoaching-150x150.png 150w\" sizes=\"auto, (max-width: 500px) 100vw, 500px\" \/><\/figure>\n<\/div>\n\n\n\n<h3 class=\"wp-block-heading has-superbfont-medium-font-size\"><strong>Pourquoi choisir ALim Coaching ?<\/strong><\/h3>\n\n\n\n<p class=\"has-superbfont-small-font-size\">Je mets \u00e0 votre service trois expertises cl\u00e9s pour une approche compl\u00e8te et sur-mesure :<\/p>\n\n\n\n<ul class=\"wp-block-list\">\n<li class=\"has-superbfont-small-font-size\">Comportement alimentaire : forte de mes recherches, je vous aide \u00e0 comprendre vos habitudes alimentaires pour mieux les adapter \u00e0 vos objectifs.<\/li>\n\n\n\n<li class=\"has-superbfont-small-font-size\">Cuisine : la cl\u00e9 d\u2019une alimentation saine passe par la red\u00e9couverte de pratiques culinaires simples et savoureuses.<\/li>\n\n\n\n<li class=\"has-superbfont-small-font-size\">Coaching : mon r\u00f4le est de vous accompagner dans votre transformation, en vous guidant pour que vous deveniez acteur de vos changements.<\/li>\n<\/ul>\n\n\n\n<p class=\"has-superbfont-small-font-size\">Aujourd\u2019hui, gr\u00e2ce \u00e0 mon parcours unique, je suis convaincue qu\u2019ALim Coaching pourra vous aider \u00e0 r\u00e9ussir votre transition vers une alimentation plus saine et respectueuse de l\u2019environnement.<\/p>\n\n\n\n<div style=\"height:9px\" aria-hidden=\"true\" class=\"wp-block-spacer\"><\/div>\n\n\n\n<h3 class=\"wp-block-heading has-superbfont-medium-font-size\"><strong>Ce que je vous propose :<\/strong><\/h3>\n\n\n\n<ul class=\"wp-block-list\">\n<li class=\"has-superbfont-small-font-size\"><a href=\"https:\/\/alimcoaching.fr\/index.php\/coaching-alimentaire-et-culinaire\/\">Coaching personnalis\u00e9<\/a> : en distanciel (visio-conf\u00e9rence) ou en pr\u00e9sentiel, \u00e0 Saint Lunaire (35800) et ses environs, pour un accompagnement sur-mesure.<\/li>\n\n\n\n<li class=\"has-superbfont-small-font-size\"><a href=\"https:\/\/alimcoaching.fr\/index.php\/entreprise-et-collectivites\/#ateliers-thematiques\">Ateliers th\u00e9matiques<\/a> : apprenez les secrets d\u2019une alimentation saine et durable, avec ou sans atelier cuisine, pour une exp\u00e9rience ludique et enrichissante. En pr\u00e9sentiel, \u00e0 Saint Lunaire (35800) et ses environs.<\/li>\n<\/ul>\n\n\n\n<p class=\"has-superbfont-small-font-size\">Pr\u00eat(e) \u00e0 faire le premier pas vers un nouveau mode de vie ? <a href=\"https:\/\/alimcoaching.fr\/index.php\/contact\/\" data-type=\"page\" data-id=\"18\">Contactez ALim Coaching<\/a> d\u00e8s aujourd&rsquo;hui et offrez \u00e0 votre alimentation un avenir plus sain et responsable !<\/p>\n\n\n\n<div class=\"wp-block-buttons is-content-justification-center is-layout-flex wp-container-core-buttons-is-layout-a89b3969 wp-block-buttons-is-layout-flex\">\n<div class=\"wp-block-button\"><a class=\"wp-block-button__link has-luminous-vivid-orange-background-color has-background wp-element-button\" href=\"https:\/\/alimcoaching.fr\/index.php\/contact\/\" style=\"border-radius:100px\">Me contacter pour une s\u00e9ance offerte<\/a><\/div>\n<\/div>\n<\/div>\n<\/div>\n","protected":false},"excerpt":{"rendered":"<p>D\u00e9couvrez une nouvelle fa\u00e7on d&rsquo;aborder votre alimentation avec Anne Lluch, di\u00e9t\u00e9ticienne, Docteur en comportement alimentaire et coach professionnelle certifi\u00e9e.\u00a0 Mes valeurs ? Libert\u00e9, harmonie et authenticit\u00e9. \u00c9galement tol\u00e9rance, entraide et loyaut\u00e9. Chaque jour, je puise mon \u00e9nergie dans la nature, les plaisirs simples comme marcher, jardiner ou partager un bon repas avec mes proches. J\u2019aime [&hellip;]<\/p>\n","protected":false},"author":1,"featured_media":0,"parent":0,"menu_order":0,"comment_status":"closed","ping_status":"closed","template":"","meta":{"footnotes":""},"class_list":["post-17","page","type-page","status-publish","hentry"],"_links":{"self":[{"href":"https:\/\/alimcoaching.fr\/index.php\/wp-json\/wp\/v2\/pages\/17","targetHints":{"allow":["GET"]}}],"collection":[{"href":"https:\/\/alimcoaching.fr\/index.php\/wp-json\/wp\/v2\/pages"}],"about":[{"href":"https:\/\/alimcoaching.fr\/index.php\/wp-json\/wp\/v2\/types\/page"}],"author":[{"embeddable":true,"href":"https:\/\/alimcoaching.fr\/index.php\/wp-json\/wp\/v2\/users\/1"}],"replies":[{"embeddable":true,"href":"https:\/\/alimcoaching.fr\/index.php\/wp-json\/wp\/v2\/comments?post=17"}],"version-history":[{"count":47,"href":"https:\/\/alimcoaching.fr\/index.php\/wp-json\/wp\/v2\/pages\/17\/revisions"}],"predecessor-version":[{"id":770,"href":"https:\/\/alimcoaching.fr\/index.php\/wp-json\/wp\/v2\/pages\/17\/revisions\/770"}],"wp:attachment":[{"href":"https:\/\/alimcoaching.fr\/index.php\/wp-json\/wp\/v2\/media?parent=17"}],"curies":[{"name":"wp","href":"https:\/\/api.w.org\/{rel}","templated":true}]}}