{"id":16,"date":"2024-10-11T10:50:20","date_gmt":"2024-10-11T08:50:20","guid":{"rendered":"https:\/\/alimcoaching.fr\/?page_id=16"},"modified":"2026-04-13T14:27:20","modified_gmt":"2026-04-13T12:27:20","slug":"alimcoaching","status":"publish","type":"page","link":"https:\/\/alimcoaching.fr\/","title":{"rendered":"ALim Coaching en quelques mots&#8230;"},"content":{"rendered":"\n<div class=\"wp-block-group alignfull has-global-padding is-layout-constrained wp-container-core-group-is-layout-8bbd0b3b wp-block-group-is-layout-constrained\" style=\"margin-top:0;margin-bottom:0;padding-top:var(--wp--preset--spacing--superbspacing-large);padding-right:var(--wp--preset--spacing--superbspacing-small);padding-bottom:var(--wp--preset--spacing--superbspacing-large);padding-left:var(--wp--preset--spacing--superbspacing-small)\">\n<div class=\"wp-block-columns alignwide is-layout-flex wp-container-core-columns-is-layout-25593187 wp-block-columns-is-layout-flex\">\n<div class=\"wp-block-column is-vertically-aligned-center is-layout-flow wp-container-core-column-is-layout-40a2a7e8 wp-block-column-is-layout-flow\" style=\"padding-right:0;padding-bottom:0;padding-left:0\">\n<figure class=\"wp-block-image size-large has-custom-border\"><img loading=\"lazy\" decoding=\"async\" width=\"645\" height=\"1024\" src=\"https:\/\/alimcoaching.fr\/wp-content\/uploads\/2024\/11\/Photo-page-accueil-645x1024.jpg\" alt=\"\" class=\"wp-image-350\" style=\"border-radius:8px\" srcset=\"https:\/\/alimcoaching.fr\/wp-content\/uploads\/2024\/11\/Photo-page-accueil-645x1024.jpg 645w, https:\/\/alimcoaching.fr\/wp-content\/uploads\/2024\/11\/Photo-page-accueil-189x300.jpg 189w, https:\/\/alimcoaching.fr\/wp-content\/uploads\/2024\/11\/Photo-page-accueil-768x1219.jpg 768w, https:\/\/alimcoaching.fr\/wp-content\/uploads\/2024\/11\/Photo-page-accueil-968x1536.jpg 968w, https:\/\/alimcoaching.fr\/wp-content\/uploads\/2024\/11\/Photo-page-accueil.jpg 1067w\" sizes=\"auto, (max-width: 645px) 100vw, 645px\" \/><\/figure>\n<\/div>\n\n\n\n<div class=\"wp-block-column is-vertically-aligned-center is-layout-flow wp-container-core-column-is-layout-a1628350 wp-block-column-is-layout-flow\" style=\"padding-top:0;padding-right:0;padding-bottom:0;padding-left:0\">\n<div class=\"wp-block-group is-layout-flow wp-container-core-group-is-layout-ff697075 wp-block-group-is-layout-flow\">\n<h3 class=\"wp-block-heading has-text-align-left has-superbfont-xlarge-font-size\" style=\"line-height:1.2\">D\u00e9couvrez ALim Coaching :<\/h3>\n\n\n\n<p class=\"has-text-align-left has-superbfont-small-font-size\">Que vous mangiez sur le pouce ou sautiez des repas, que vous souhaitiez v\u00e9g\u00e9taliser votre assiette ou retrouver le contr\u00f4le de votre alimentation, adopter une alimentation plus saine et durable peut sembler un d\u00e9fi.\u00a0<\/p>\n\n\n\n<p class=\"has-superbfont-small-font-size\">Changer ses habitudes alimentaires n\u2019est effectivement pas simple car cela am\u00e8ne \u00e0 modifier ses routines et plus globalement son mode de vie.<\/p>\n\n\n\n<p class=\"has-superbfont-small-font-size\">Mais vous n\u2019\u00eates pas seul(e) !&nbsp;<\/p>\n\n\n\n<p class=\"has-superbfont-small-font-size\">Gr\u00e2ce \u00e0 mon accompagnement personnalis\u00e9, je vous aide \u00e0 transformer vos habitudes pas \u00e0 pas, selon vos objectifs, tout en alliant sant\u00e9 et plaisir.&nbsp;<\/p>\n\n\n\n<p class=\"has-superbfont-small-font-size\">Ensemble, nous trouverons des solutions simples, abordables et adapt\u00e9es \u00e0 votre quotidien pour mieux manger, rester en forme, et prendre soin de vous comme de la plan\u00e8te.&nbsp;<\/p>\n\n\n\n<p class=\"has-text-align-left has-superbfont-small-font-size\">Faites le premier pas vers une alimentation qui vous ressemble !<\/p>\n<\/div>\n<\/div>\n<\/div>\n<\/div>\n","protected":false},"excerpt":{"rendered":"<p>D\u00e9couvrez ALim Coaching : Que vous mangiez sur le pouce ou sautiez des repas, que vous souhaitiez v\u00e9g\u00e9taliser votre assiette ou retrouver le contr\u00f4le de votre alimentation, adopter une alimentation plus saine et durable peut sembler un d\u00e9fi.\u00a0 Changer ses habitudes alimentaires n\u2019est effectivement pas simple car cela am\u00e8ne \u00e0 modifier ses routines et plus [&hellip;]<\/p>\n","protected":false},"author":1,"featured_media":0,"parent":0,"menu_order":0,"comment_status":"closed","ping_status":"closed","template":"","meta":{"footnotes":""},"class_list":["post-16","page","type-page","status-publish","hentry"],"_links":{"self":[{"href":"https:\/\/alimcoaching.fr\/index.php\/wp-json\/wp\/v2\/pages\/16","targetHints":{"allow":["GET"]}}],"collection":[{"href":"https:\/\/alimcoaching.fr\/index.php\/wp-json\/wp\/v2\/pages"}],"about":[{"href":"https:\/\/alimcoaching.fr\/index.php\/wp-json\/wp\/v2\/types\/page"}],"author":[{"embeddable":true,"href":"https:\/\/alimcoaching.fr\/index.php\/wp-json\/wp\/v2\/users\/1"}],"replies":[{"embeddable":true,"href":"https:\/\/alimcoaching.fr\/index.php\/wp-json\/wp\/v2\/comments?post=16"}],"version-history":[{"count":30,"href":"https:\/\/alimcoaching.fr\/index.php\/wp-json\/wp\/v2\/pages\/16\/revisions"}],"predecessor-version":[{"id":828,"href":"https:\/\/alimcoaching.fr\/index.php\/wp-json\/wp\/v2\/pages\/16\/revisions\/828"}],"wp:attachment":[{"href":"https:\/\/alimcoaching.fr\/index.php\/wp-json\/wp\/v2\/media?parent=16"}],"curies":[{"name":"wp","href":"https:\/\/api.w.org\/{rel}","templated":true}]}}